


{"id":9,"date":"2015-01-14T13:22:47","date_gmt":"2015-01-14T13:22:47","guid":{"rendered":"http:\/\/fleisz.com\/wp\/?page_id=9"},"modified":"2015-02-04T16:58:30","modified_gmt":"2015-02-04T16:58:30","slug":"impressum","status":"publish","type":"page","link":"https:\/\/fleisz.com\/?page_id=9","title":{"rendered":"Impressum"},"content":{"rendered":"<p><strong>Georg Flei\u00df<\/strong>, <a href=\"mailto:georg@fleisz.com\">georg@fleisz.com<\/a><br \/>\n<strong><br \/>\nHaftung:<\/strong> S\u00e4mtliche Inhalte wurden sorgf\u00e4ltig gepr\u00fcft. Dessen ungeachtet kann keine Garantie f\u00fcr Richtigkeit, Vollst\u00e4ndigkeit und Aktualit\u00e4t der Angaben \u00fcbernommen werden.<br \/>\n<strong><br \/>\nCopyright:<\/strong> S\u00e4mtliche Texte, Grafiken und Bilder sind urheberrechtlich gesch\u00fctzt. Die Informationen sind nur f\u00fcr die pers\u00f6nliche Verwendung bestimmt. Jede weitergehende Nutzung, insbesondere die Speicherung in Datenbanken, Vervielf\u00e4ltigung und jede Form von gewerblicher Nutzung sowie die Weitergabe an Dritte, auch in Teilen oder in \u00fcberarbeiteter Form, ist ohne ausdr\u00fcckliche Genehmigung durch Georg Flei\u00df untersagt.<\/p>\n<p>\u00a9 georg flei\u00df 2014<\/p>\n","protected":false},"excerpt":{"rendered":"<p>Georg Flei\u00df, georg@fleisz.com Haftung: S\u00e4mtliche Inhalte wurden sorgf\u00e4ltig gepr\u00fcft. Dessen ungeachtet kann keine Garantie f\u00fcr Richtigkeit, Vollst\u00e4ndigkeit und Aktualit\u00e4t der Angaben \u00fcbernommen werden. Copyright: S\u00e4mtliche Texte, Grafiken und Bilder sind urheberrechtlich gesch\u00fctzt. Die Informationen sind nur f\u00fcr die pers\u00f6nliche Verwendung bestimmt. Jede weitergehende Nutzung, insbesondere die Speicherung in Datenbanken, Vervielf\u00e4ltigung und jede Form von gewerblicher [&hellip;]<\/p>\n","protected":false},"author":1,"featured_media":0,"parent":0,"menu_order":3,"comment_status":"open","ping_status":"open","template":"","meta":{"footnotes":""},"_links":{"self":[{"href":"https:\/\/fleisz.com\/index.php?rest_route=\/wp\/v2\/pages\/9"}],"collection":[{"href":"https:\/\/fleisz.com\/index.php?rest_route=\/wp\/v2\/pages"}],"about":[{"href":"https:\/\/fleisz.com\/index.php?rest_route=\/wp\/v2\/types\/page"}],"author":[{"embeddable":true,"href":"https:\/\/fleisz.com\/index.php?rest_route=\/wp\/v2\/users\/1"}],"replies":[{"embeddable":true,"href":"https:\/\/fleisz.com\/index.php?rest_route=%2Fwp%2Fv2%2Fcomments&post=9"}],"version-history":[{"count":0,"href":"https:\/\/fleisz.com\/index.php?rest_route=\/wp\/v2\/pages\/9\/revisions"}],"wp:attachment":[{"href":"https:\/\/fleisz.com\/index.php?rest_route=%2Fwp%2Fv2%2Fmedia&parent=9"}],"curies":[{"name":"wp","href":"https:\/\/api.w.org\/{rel}","templated":true}]}}